{"id":18,"date":"2023-03-15T02:34:35","date_gmt":"2023-03-15T02:34:35","guid":{"rendered":"http:\/\/motoplexguadalajara.com\/?post_type=product&#038;p=18"},"modified":"2025-05-16T17:30:48","modified_gmt":"2025-05-16T17:30:48","slug":"vespa","status":"publish","type":"product","link":"https:\/\/motoplexguadalajara.com\/?product=vespa","title":{"rendered":"Motocicleta Vespa Napoli 150 CC Velocidad m\u00e1xima 105 Km\/h"},"content":{"rendered":"<p>*Precio incluye IVA<br \/>\n*Precio no incluye gastos de envi\u00f3.<br \/>\n*No incluye seguros, placas, ni tenencias.<\/p>\n<p>Obt\u00e9n $5,000 pesos en accesorios originales. Vigencia 30 Junio 2023<br \/>\n<strong>Ll\u00e9vatela a 12 meses de $ 7,964 pesos.<\/strong><br \/>\n**Pregunta por tarjetas bancarias participantes.<\/p>\n","protected":false},"excerpt":{"rendered":"<p>Motocicleta Vespa VXL 149 Napoli Azul 2023; Simplemente, Vespa. Estilo que nunca pasar\u00e1 de moda.<\/p>\n<p>Caracter\u00edsticas generales:<br \/>\n\u2022 Medidas: Altura de asiento de 77 cm; Ancho de 69 cm; Largo de 177 cm; Distancia entre ejes de 129 cm.<br \/>\n\u2022 Llantas: Rueda delantera 110\/70\/11; Rueda Trasera 120\/70\/10.<br \/>\n\u2022 Capacidad (tanque): 7.4 L.<br \/>\n\u2022 Cilindraje: 149.5 CC.<br \/>\n\u2022 Transmisi\u00f3n: Autom\u00e1tica CVT.<br \/>\n\u2022 Velocidad m\u00e1xima: 105 Km\/h.<br \/>\n\u2022 Suspensi\u00f3n: Delantera, mono brazo con amortiguador hidr\u00e1ulico; Trasera, mono-amortiguador hidr\u00e1ulico regulable.<br \/>\n\u2022 Bater\u00eda: Bater\u00eda de \u00e1cido.<br \/>\n\u2022 Consumo de combustible: 35 Km\/L.<br \/>\n\u2022 Potencia: 10.33 HP.<br \/>\n\u2022 Torque: 7.81 Lb-pie.<br \/>\n\u2022 Velocidad m\u00e1xima: 115 km\/h<br \/>\n\u2022 Enfriamiento: Aire forzado.<\/p>\n","protected":false},"featured_media":113,"comment_status":"open","ping_status":"closed","template":"","meta":{"om_disable_all_campaigns":false,"_mi_skip_tracking":false,"_monsterinsights_sitenote_active":false,"_monsterinsights_sitenote_note":"","_monsterinsights_sitenote_category":0},"product_cat":[16,24],"product_tag":[],"jetpack_sharing_enabled":true,"_links":{"self":[{"href":"https:\/\/motoplexguadalajara.com\/index.php?rest_route=\/wp\/v2\/product\/18"}],"collection":[{"href":"https:\/\/motoplexguadalajara.com\/index.php?rest_route=\/wp\/v2\/product"}],"about":[{"href":"https:\/\/motoplexguadalajara.com\/index.php?rest_route=\/wp\/v2\/types\/product"}],"replies":[{"embeddable":true,"href":"https:\/\/motoplexguadalajara.com\/index.php?rest_route=%2Fwp%2Fv2%2Fcomments&post=18"}],"wp:featuredmedia":[{"embeddable":true,"href":"https:\/\/motoplexguadalajara.com\/index.php?rest_route=\/wp\/v2\/media\/113"}],"wp:attachment":[{"href":"https:\/\/motoplexguadalajara.com\/index.php?rest_route=%2Fwp%2Fv2%2Fmedia&parent=18"}],"wp:term":[{"taxonomy":"product_cat","embeddable":true,"href":"https:\/\/motoplexguadalajara.com\/index.php?rest_route=%2Fwp%2Fv2%2Fproduct_cat&post=18"},{"taxonomy":"product_tag","embeddable":true,"href":"https:\/\/motoplexguadalajara.com\/index.php?rest_route=%2Fwp%2Fv2%2Fproduct_tag&post=18"}],"curies":[{"name":"wp","href":"https:\/\/api.w.org\/{rel}","templated":true}]}}