{"id":367,"date":"2023-05-25T22:28:54","date_gmt":"2023-05-25T22:28:54","guid":{"rendered":"https:\/\/motoplexguadalajara.com\/?post_type=product&#038;p=367"},"modified":"2025-05-16T17:30:48","modified_gmt":"2025-05-16T17:30:48","slug":"vespa-sprint-justin-bieber-15o-blanco-2023","status":"publish","type":"product","link":"https:\/\/motoplexguadalajara.com\/?product=vespa-sprint-justin-bieber-15o-blanco-2023","title":{"rendered":"Motocicleta Scooter Vespa Sprint Justin Bieber 150 Velocidad m\u00e1xima 115 km\/h"},"content":{"rendered":"<p>Un proyecto \u00fanico nacido para celebrar el esp\u00edritu de libertad y la pasi\u00f3n por el estilo y el dise\u00f1o a trav\u00e9s de una mezcla explosiva de creatividad que a\u00fana frescura, cultura pop y estilo contempor\u00e1neo. Justin Bieber, una estrella de la m\u00fasica aclamada internacionalmente con millones de fans en todo el mundo, se une con Vespa para presentar JUSTIN BIEBER X VESPA, un nuevo modelo exclusivo de Vespa ideado y dise\u00f1ado personalmente por el cantante.<\/p>\n<p>*Pecio publicado en pago contado efectivo.<br \/>\n*Precio incluye IVA<br \/>\n*Precio no incluye gastos de envi\u00f3.<br \/>\n*No incluye seguros, placas, ni tenencias.<\/p>\n","protected":false},"excerpt":{"rendered":"<p>Motocicleta tipo scooter Vespa Sprint Justin Bieber 2023, de 155 CC elaborada en l\u00e1mina de acero de color blanco; Simplemente, Vespa. Estilo que nunca pasar\u00e1 de moda.<\/p>\n<p>\u2022 Medidas: Altura de asiento 790 mm, Ancho 735 mm, Largo 1870 mm, Distancia entre ejes 1340 mm.<br \/>\n\u2022 Rodada: Ambas ruedas 120\/70-12.<br \/>\n\u2022 Capacidad de tanque: 8 L.<br \/>\n\u2022 Transmisi\u00f3n: Autom\u00e1tica CVT.<br \/>\n\u2022 Velocidad m\u00e1xima: 115 km\/h.<br \/>\n\u2022 Suspensi\u00f3n: Delantera, mono brazo con amortiguador hidr\u00e1ulico. Trasera, monoamortiguador hidr\u00e1ulico regulable.<br \/>\n\u2022 Consumo\/Rendimiento: 37 km\/L.<br \/>\n\u2022 Torque: 8.5 Lb-pie.<br \/>\n\u2022 Capacidad de peso: 140 KG.<br \/>\n\u2022 Color: Blanco<\/p>\n","protected":false},"featured_media":368,"comment_status":"open","ping_status":"closed","template":"","meta":{"om_disable_all_campaigns":false,"_mi_skip_tracking":false,"_monsterinsights_sitenote_active":false,"_monsterinsights_sitenote_note":"","_monsterinsights_sitenote_category":0},"product_cat":[16,24],"product_tag":[34],"jetpack_sharing_enabled":true,"_links":{"self":[{"href":"https:\/\/motoplexguadalajara.com\/index.php?rest_route=\/wp\/v2\/product\/367"}],"collection":[{"href":"https:\/\/motoplexguadalajara.com\/index.php?rest_route=\/wp\/v2\/product"}],"about":[{"href":"https:\/\/motoplexguadalajara.com\/index.php?rest_route=\/wp\/v2\/types\/product"}],"replies":[{"embeddable":true,"href":"https:\/\/motoplexguadalajara.com\/index.php?rest_route=%2Fwp%2Fv2%2Fcomments&post=367"}],"wp:featuredmedia":[{"embeddable":true,"href":"https:\/\/motoplexguadalajara.com\/index.php?rest_route=\/wp\/v2\/media\/368"}],"wp:attachment":[{"href":"https:\/\/motoplexguadalajara.com\/index.php?rest_route=%2Fwp%2Fv2%2Fmedia&parent=367"}],"wp:term":[{"taxonomy":"product_cat","embeddable":true,"href":"https:\/\/motoplexguadalajara.com\/index.php?rest_route=%2Fwp%2Fv2%2Fproduct_cat&post=367"},{"taxonomy":"product_tag","embeddable":true,"href":"https:\/\/motoplexguadalajara.com\/index.php?rest_route=%2Fwp%2Fv2%2Fproduct_tag&post=367"}],"curies":[{"name":"wp","href":"https:\/\/api.w.org\/{rel}","templated":true}]}}